{"id":45,"date":"2022-08-08T14:46:28","date_gmt":"2022-08-08T14:46:28","guid":{"rendered":"http:\/\/brachia.hr\/?page_id=45"},"modified":"2023-05-10T10:28:48","modified_gmt":"2023-05-10T10:28:48","slug":"brachia-kusaone","status":"publish","type":"page","link":"https:\/\/brachia.hr\/en\/brachia-kusaone\/","title":{"rendered":"Brachia Tasting Rooms"},"content":{"rendered":"<section class=\"u-align-center u-clearfix u-image u-shading u-section-2\" src=\"\" data-image-width=\"2560\" data-image-height=\"1707\" id=\"sec-ef00\" style=\"background-image: linear-gradient(0deg, rgba(0, 0, 0, 0.15), rgba(0, 0, 0, 0.15)), url(&quot;https:\/\/brachia.hr\/wp-content\/uploads\/2022\/08\/kusaonica-scaled.jpg&quot;);\">\n      <div class=\"u-align-left u-clearfix u-sheet u-sheet-1\"><\/div>\n    <\/section>\n    <section class=\"u-clearfix u-valign-middle u-section-3\" id=\"carousel_4768\">\n      <div class=\"u-clearfix u-expanded-width u-layout-wrap u-layout-wrap-1\">\n        <div class=\"u-gutter-0 u-layout\">\n          <div class=\"u-layout-row\">\n            <div class=\"u-container-style u-layout-cell u-size-60 u-white u-layout-cell-1\">\n              <div class=\"u-container-layout u-container-layout-1\">\n                <h1 class=\"u-align-center u-custom-font u-font-montserrat u-text u-text-1\"> Brachia olive oil experience<\/h1>\n                <p class=\"u-align-center u-custom-font u-font-montserrat u-text u-text-2\"> Relax in the unique experience of tasting different varieties of olive oil through fun and interesting tastings in our tasting rooms. Learn what you always wanted to know about olive oil and the process of manufacturing on the island of Bra\u010d.<\/p>\n                <a href=\"https:\/\/brachia.hr\/wp-content\/uploads\/2023\/05\/Brachia-kusaona-cjenik-2023-s-PDV-om_ENG.pdf\" class=\"u-border-none u-btn u-button-style u-custom-color-1 u-file-link u-hover-custom-color-1 u-btn-1\">TASTING OFFER<\/a>\n              <\/div>\n            <\/div>\n          <\/div>\n        <\/div>\n      <\/div>\n    <\/section>\n    <section class=\"u-clearfix u-section-4\" id=\"carousel_4ba0\">\n      <div class=\"u-clearfix u-expanded-width u-layout-wrap u-layout-wrap-1\">\n        <div class=\"u-gutter-0 u-layout\">\n          <div class=\"u-layout-row\">\n            <div class=\"u-align-center u-container-style u-layout-cell u-size-60 u-white u-layout-cell-1\">\n              <div class=\"u-container-layout u-container-layout-1\">\n                <p class=\"u-custom-font u-font-montserrat u-text u-text-1\"> Brachia olive oil experience is an ambitiously designed project which will provide their guests a total experience of olive oil, in modernly decorated tasting rooms on the island of Bra\u010d you can try famous\nolive oil Brachia obtained through the efforts of Bra\u010d workers and modern olive growers, state-of-art technologies and the attention that a premium product deserves. You will learn more about the different varieties of olive oil and your guides will show you the difference between premium extra\nvirgin and traditional oil. You will be able to choose from different types of tasting from simpler with\nthree varieties of olive oil to a more complex pairing with wine and cheese. For larger groups, different types of tastings are offered where you will be able to snack on some Bra\u010d specialties and recharge their energy. Also, you can buy products from a wide range of Brachia olive oils and all delicacies from the Uje assortment, but also relax with Dalmatian specialties based on traditional cuisine and top-quality ingredients, while the experience of the island will be complete with a glass of\ntop quality Bra\u010d wine.<\/p>\n              <\/div>\n            <\/div>\n          <\/div>\n        <\/div>\n      <\/div>\n    <\/section>\n    <section class=\"u-align-left u-clearfix u-section-5\" id=\"carousel_f060\">\n      <div class=\"u-clearfix u-sheet u-sheet-1\">\n        <div class=\"u-clearfix u-layout-wrap u-layout-wrap-1\">\n          <div class=\"u-layout\">\n            <div class=\"u-layout-row\">\n              <div class=\"u-container-style u-custom-color-1 u-layout-cell u-size-60 u-layout-cell-1\" data-animation-name=\"customAnimationIn\" data-animation-duration=\"1000\" data-animation-direction=\"\">\n                <div class=\"u-container-layout u-container-layout-1\">\n                  <h5 class=\"u-custom-font u-font-montserrat u-text u-text-white u-text-1\">Locations<\/h5>\n                  <p class=\"u-custom-font u-font-montserrat u-text u-text-white u-text-2\">\n                    <span style=\"font-weight: 700;\"> BRA\u010c<\/span>\n                    <br>\n                    <br>\n                    <span style=\"font-weight: 700;\">Selca:<\/span>\n                    <br>Trg Stjepana Radi\u0107a 3 <br>\n                    <span style=\"font-weight: 700;\">Contact for reservation: <\/span>\n                    <br>Phone: <a href=\"tel:0992469550\" class=\"u-active-none u-border-none u-btn u-button-link u-button-style u-hover-none u-none u-text-body-alt-color u-btn-1\">099 246 9550<\/a> - Selca <br>e-mail: <a href=\"mailto:tasting@brachia.hr?subject=Rezervacija\" class=\"u-active-none u-border-none u-btn u-button-link u-button-style u-hover-none u-none u-text-body-alt-color u-btn-2\">\n                      <span style=\"text-decoration: underline !important;\">tasting@brachia.hr <\/span>\n                    <\/a>\n                    <br>Working hours: mon-sun 09:00 AM \u2013 09:00 PM <br>\n                    <br>\n                    <span style=\"font-weight: 700;\">Supetar<\/span>:<br>Address: Petra Jak\u0161i\u0107a 1 <br>\n                    <span style=\"font-weight: 700;\">Contact for reservation: <\/span>\n                    <br>Phone: <a href=\"tel:0913707703\" class=\"u-active-none u-border-none u-btn u-button-link u-button-style u-hover-none u-none u-text-white u-btn-3\">+385 91 370 7703<\/a>\n                    <br>e-mail: <a href=\"mailto:tasting@brachia.hr?subject=Rezervacija\" class=\"u-active-none u-border-none u-btn u-button-link u-button-style u-hover-none u-none u-text-body-alt-color u-btn-4\">tasting@brachia.hr <\/a>\n                    <br>Working hours: mon-sun 09:00 AM \u2013 09:00 PM\n                  <\/p>\n                <\/div>\n              <\/div>\n            <\/div>\n          <\/div>\n        <\/div>\n        <div class=\"u-carousel u-gallery u-gallery-slider u-layout-carousel u-lightbox u-no-transition u-show-text-on-hover u-gallery-1\" id=\"carousel-f035\" data-interval=\"5000\" data-u-ride=\"carousel\">\n          <ol class=\"u-absolute-hcenter u-carousel-indicators u-hidden u-carousel-indicators-1\">\n            <li data-u-target=\"#carousel-f035\" data-u-slide-to=\"0\" class=\"u-active u-grey-70 u-shape-circle\" style=\"width: 10px; height: 10px;\"><\/li>\n            <li data-u-target=\"#carousel-f035\" data-u-slide-to=\"1\" class=\"u-grey-70 u-shape-circle\" style=\"width: 10px; height: 10px;\"><\/li>\n            <li data-u-target=\"#carousel-f035\" data-u-slide-to=\"2\" class=\"u-grey-70 u-shape-circle\" style=\"width: 10px; height: 10px;\"><\/li>\n            <li data-u-target=\"#carousel-f035\" data-u-slide-to=\"3\" class=\"u-grey-70 u-shape-circle\" style=\"width: 10px; height: 10px;\"><\/li>\n            <li data-u-target=\"#carousel-f035\" data-u-slide-to=\"4\" class=\"u-grey-70 u-shape-circle\" style=\"width: 10px; height: 10px;\"><\/li>\n          <\/ol>\n          <div class=\"u-carousel-inner u-gallery-inner\" role=\"listbox\">\n            <div class=\"u-active u-carousel-item u-effect-fade u-gallery-item u-carousel-item-1\">\n              <div class=\"u-back-slide\" data-image-width=\"1685\" data-image-height=\"1124\">\n                <img decoding=\"async\" class=\"u-back-image u-expanded\" src=\"https:\/\/brachia.hr\/wp-content\/uploads\/2022\/08\/4.jpg\">\n              <\/div>\n              <div class=\"u-align-center u-over-slide u-shading u-valign-bottom u-over-slide-1\">\n                <h3 class=\"u-gallery-heading\"><\/h3>\n                <p class=\"u-gallery-text\"><\/p>\n              <\/div>\n            <\/div>\n            <div class=\"u-carousel-item u-effect-fade u-gallery-item u-carousel-item-2\">\n              <div class=\"u-back-slide\" data-image-width=\"1685\" data-image-height=\"1124\">\n                <img decoding=\"async\" class=\"u-back-image u-expanded\" src=\"https:\/\/brachia.hr\/wp-content\/uploads\/2022\/08\/5.jpg\">\n              <\/div>\n              <div class=\"u-align-center u-over-slide u-shading u-valign-bottom u-over-slide-2\">\n                <h3 class=\"u-gallery-heading\"><\/h3>\n                <p class=\"u-gallery-text\"><\/p>\n              <\/div>\n            <\/div>\n            <div class=\"u-carousel-item u-effect-fade u-gallery-item u-carousel-item-3\" data-image-width=\"658\" data-image-height=\"438\">\n              <div class=\"u-back-slide\">\n                <img decoding=\"async\" class=\"u-back-image u-expanded\" src=\"https:\/\/brachia.hr\/wp-content\/uploads\/2022\/08\/6.jpg\">\n              <\/div>\n              <div class=\"u-align-center u-over-slide u-shading u-valign-bottom u-over-slide-3\">\n                <h3 class=\"u-gallery-heading\"><\/h3>\n                <p class=\"u-gallery-text\"><\/p>\n              <\/div>\n              <style data-mode=\"XL\"><\/style>\n              <style data-mode=\"LG\"><\/style>\n              <style data-mode=\"MD\"><\/style>\n              <style data-mode=\"SM\"><\/style>\n              <style data-mode=\"XS\" data-visited=\"true\"><\/style>\n            <\/div>\n            <div class=\"u-carousel-item u-effect-fade u-gallery-item u-carousel-item-4\" data-image-width=\"2560\" data-image-height=\"1709\">\n              <div class=\"u-back-slide\">\n                <img decoding=\"async\" class=\"u-back-image u-expanded\" src=\"https:\/\/brachia.hr\/wp-content\/uploads\/2022\/08\/Brachia-kusaonice-1-scaled.jpg\">\n              <\/div>\n              <div class=\"u-align-center u-over-slide u-shading u-valign-bottom u-over-slide-4\">\n                <h3 class=\"u-gallery-heading\"><\/h3>\n                <p class=\"u-gallery-text\"><\/p>\n              <\/div>\n              <style data-mode=\"XL\"><\/style>\n              <style data-mode=\"LG\"><\/style>\n              <style data-mode=\"MD\"><\/style>\n              <style data-mode=\"SM\"><\/style>\n              <style data-mode=\"XS\" data-visited=\"true\"><\/style>\n            <\/div>\n            <div class=\"u-carousel-item u-effect-fade u-gallery-item u-carousel-item-5\" data-image-width=\"2560\" data-image-height=\"1432\">\n              <div class=\"u-back-slide\">\n                <img decoding=\"async\" class=\"u-back-image u-expanded\" src=\"https:\/\/brachia.hr\/wp-content\/uploads\/2022\/08\/Brachia-kusaonice-3-scaled.jpg\">\n              <\/div>\n              <div class=\"u-align-center u-over-slide u-shading u-valign-bottom u-over-slide-5\">\n                <h3 class=\"u-gallery-heading\"><\/h3>\n                <p class=\"u-gallery-text\"><\/p>\n              <\/div>\n              <style data-mode=\"XL\"><\/style>\n              <style data-mode=\"LG\"><\/style>\n              <style data-mode=\"MD\"><\/style>\n              <style data-mode=\"SM\"><\/style>\n              <style data-mode=\"XS\" data-visited=\"true\"><\/style>\n            <\/div>\n          <\/div>\n          <a class=\"u-absolute-vcenter u-carousel-control u-carousel-control-prev u-icon-rectangle u-opacity u-opacity-70 u-spacing-10 u-text-body-color u-carousel-control-1\" href=\"#carousel-f035\" role=\"button\" data-u-slide=\"prev\">\n            <span aria-hidden=\"true\">\n              <svg viewbox=\"0 0 477.175 477.175\"><path d=\"M145.188,238.575l215.5-215.5c5.3-5.3,5.3-13.8,0-19.1s-13.8-5.3-19.1,0l-225.1,225.1c-5.3,5.3-5.3,13.8,0,19.1l225.1,225\t\tc2.6,2.6,6.1,4,9.5,4s6.9-1.3,9.5-4c5.3-5.3,5.3-13.8,0-19.1L145.188,238.575z\"><\/path><\/svg>\n            <\/span>\n            <span class=\"sr-only\">\n              <svg viewbox=\"0 0 477.175 477.175\"><path d=\"M145.188,238.575l215.5-215.5c5.3-5.3,5.3-13.8,0-19.1s-13.8-5.3-19.1,0l-225.1,225.1c-5.3,5.3-5.3,13.8,0,19.1l225.1,225\t\tc2.6,2.6,6.1,4,9.5,4s6.9-1.3,9.5-4c5.3-5.3,5.3-13.8,0-19.1L145.188,238.575z\"><\/path><\/svg>\n            <\/span>\n          <\/a>\n          <a class=\"u-absolute-vcenter u-carousel-control u-carousel-control-next u-icon-rectangle u-opacity u-opacity-70 u-spacing-10 u-text-body-color u-carousel-control-2\" href=\"#carousel-f035\" role=\"button\" data-u-slide=\"next\">\n            <span aria-hidden=\"true\">\n              <svg viewbox=\"0 0 477.175 477.175\"><path d=\"M360.731,229.075l-225.1-225.1c-5.3-5.3-13.8-5.3-19.1,0s-5.3,13.8,0,19.1l215.5,215.5l-215.5,215.5\t\tc-5.3,5.3-5.3,13.8,0,19.1c2.6,2.6,6.1,4,9.5,4c3.4,0,6.9-1.3,9.5-4l225.1-225.1C365.931,242.875,365.931,234.275,360.731,229.075z\"><\/path><\/svg>\n            <\/span>\n            <span class=\"sr-only\">\n              <svg viewbox=\"0 0 477.175 477.175\"><path d=\"M360.731,229.075l-225.1-225.1c-5.3-5.3-13.8-5.3-19.1,0s-5.3,13.8,0,19.1l215.5,215.5l-215.5,215.5\t\tc-5.3,5.3-5.3,13.8,0,19.1c2.6,2.6,6.1,4,9.5,4c3.4,0,6.9-1.3,9.5-4l225.1-225.1C365.931,242.875,365.931,234.275,360.731,229.075z\"><\/path><\/svg>\n            <\/span>\n          <\/a>\n        <\/div>\n      <\/div>\n    <\/section>","protected":false},"excerpt":{"rendered":"<p>Brachia olive oil experience Opustite se u jedinstvenom iskustvo ku\u0161anja razli\u010ditih sorti maslinovog ulja kroz zabavne i zanimljive degustacije u na\u0161im ku\u0161aonama. Nau\u010dite sve \u0161to ste oduvijek \u017eeljeli znati o maslinovom ulju i procesu proizvodnje na samom otoku Bra\u010du. PONUDA DEGUSTACIJA Brachia olive oil experience&nbsp;ambiciozno je zami\u0161ljen projekt koji \u0107e svojim gostima pru\u017eiti potpuni do\u017eivljaj &hellip; <a href=\"https:\/\/brachia.hr\/en\/brachia-kusaone\/\" class=\"more-link\">Continue reading<span class=\"screen-reader-text\"> &#8220;Brachia ku\u0161aone&#8221;<\/span><\/a><\/p>","protected":false},"author":1,"featured_media":0,"parent":0,"menu_order":0,"comment_status":"closed","ping_status":"closed","template":"","meta":{"footnotes":""},"class_list":["post-45","page","type-page","status-publish","hentry"],"_links":{"self":[{"href":"https:\/\/brachia.hr\/en\/wp-json\/wp\/v2\/pages\/45","targetHints":{"allow":["GET"]}}],"collection":[{"href":"https:\/\/brachia.hr\/en\/wp-json\/wp\/v2\/pages"}],"about":[{"href":"https:\/\/brachia.hr\/en\/wp-json\/wp\/v2\/types\/page"}],"author":[{"embeddable":true,"href":"https:\/\/brachia.hr\/en\/wp-json\/wp\/v2\/users\/1"}],"replies":[{"embeddable":true,"href":"https:\/\/brachia.hr\/en\/wp-json\/wp\/v2\/comments?post=45"}],"version-history":[{"count":9,"href":"https:\/\/brachia.hr\/en\/wp-json\/wp\/v2\/pages\/45\/revisions"}],"predecessor-version":[{"id":385,"href":"https:\/\/brachia.hr\/en\/wp-json\/wp\/v2\/pages\/45\/revisions\/385"}],"wp:attachment":[{"href":"https:\/\/brachia.hr\/en\/wp-json\/wp\/v2\/media?parent=45"}],"curies":[{"name":"wp","href":"https:\/\/api.w.org\/{rel}","templated":true}]}}