{"id":34,"date":"2022-08-08T14:08:47","date_gmt":"2022-08-08T14:08:47","guid":{"rendered":"http:\/\/brachia.hr\/?page_id=34"},"modified":"2026-03-10T10:18:45","modified_gmt":"2026-03-10T10:18:45","slug":"o-nama","status":"publish","type":"page","link":"https:\/\/brachia.hr\/en\/","title":{"rendered":"About us"},"content":{"rendered":"<section class=\"u-carousel u-slide u-block-e7f5-1\" id=\"carousel_e028\" data-interval=\"5000\" data-u-ride=\"carousel\">\n      <ol class=\"u-absolute-hcenter u-carousel-indicators u-hidden u-block-e7f5-2\">\n        <li data-u-target=\"#carousel_e028\" class=\"u-active u-grey-30\" data-u-slide-to=\"0\"><\/li>\n      <\/ol>\n      <div class=\"u-carousel-inner\" role=\"listbox\">\n        <div class=\"u-active u-carousel-item u-clearfix u-image u-section-2-1\" data-image-width=\"1400\" data-image-height=\"733\" style=\"background-image: url(&quot;https:\/\/brachia.hr\/wp-content\/uploads\/2022\/08\/Onama3.jpg&quot;);\">\n          <div class=\"u-clearfix u-sheet u-sheet-1\"><\/div>\n        <\/div>\n      <\/div>\n      <a class=\"u-absolute-vcenter u-carousel-control u-carousel-control-prev u-hidden u-text-grey-30 u-block-e7f5-3\" href=\"#carousel_e028\" role=\"button\" data-u-slide=\"prev\">\n        <span aria-hidden=\"true\">\n          <svg class=\"u-svg-link\" viewbox=\"0 0 477.175 477.175\"><path d=\"M145.188,238.575l215.5-215.5c5.3-5.3,5.3-13.8,0-19.1s-13.8-5.3-19.1,0l-225.1,225.1c-5.3,5.3-5.3,13.8,0,19.1l225.1,225                    c2.6,2.6,6.1,4,9.5,4s6.9-1.3,9.5-4c5.3-5.3,5.3-13.8,0-19.1L145.188,238.575z\"><\/path><\/svg>\n        <\/span>\n        <span class=\"sr-only\">Previous<\/span>\n      <\/a>\n      <a class=\"u-absolute-vcenter u-carousel-control u-carousel-control-next u-hidden u-text-grey-30 u-block-e7f5-4\" href=\"#carousel_e028\" role=\"button\" data-u-slide=\"next\">\n        <span aria-hidden=\"true\">\n          <svg class=\"u-svg-link\" viewbox=\"0 0 477.175 477.175\"><path d=\"M360.731,229.075l-225.1-225.1c-5.3-5.3-13.8-5.3-19.1,0s-5.3,13.8,0,19.1l215.5,215.5l-215.5,215.5                    c-5.3,5.3-5.3,13.8,0,19.1c2.6,2.6,6.1,4,9.5,4c3.4,0,6.9-1.3,9.5-4l225.1-225.1C365.931,242.875,365.931,234.275,360.731,229.075z\"><\/path><\/svg>\n        <\/span>\n        <span class=\"sr-only\">Next<\/span>\n      <\/a>\n    <\/section>\n    <section class=\"u-clearfix u-section-3\" id=\"sec-c7dd\">\n      <h2 class=\"u-align-center u-custom-font u-font-montserrat u-text u-text-1\">About us<\/h2>\n      <div class=\"u-clearfix u-expanded-width u-layout-wrap u-layout-wrap-1\">\n        <div class=\"u-gutter-0 u-layout\">\n          <div class=\"u-layout-row\">\n            <div class=\"u-container-style u-layout-cell u-size-60 u-white u-layout-cell-1\">\n              <div class=\"u-container-layout u-container-layout-1\">\n                <p class=\"u-align-center u-custom-font u-font-montserrat u-text u-text-2\"> U trenutku kada je osnovana poljoprivredna zadruga Brachia primarni cilj bio je afirmirati kvalitetu dalmatinskih maslinovih ulja.&nbsp;<br>\n                  <br>In that moment we decided to start a premium line of olive oil, to invest in its branding and market development.&nbsp;<br>\n                  <br>Today well-known ceramic white bottle shaped like an olive was created because of cooperation between cooperative managers and designers and in a very short time launched the brand on the front pages. Assignment was to design labels for classic packing od standard and premium extension\nwhich will define it as quality and original oil as well as to design the exclusive packaging which will define it as premium, quality, original and valuable oil. Thanks to extraordinary quality of the olive\noil, the design, but also the professional distribution, which is run for Brachia by Uje a company based in Split form the first day, this olive oil is still the most famous brand of olive oil in Dalmatia.&nbsp;<br>\n                  <br>After Brachia\u2019s initial success and numerous awards for quality and design Brachia marketed a line of line of varietal and flavored oils, sometime later an eco-selection and olive oil for kids, Brachia kids.&nbsp;<br>\n                  <br>Since Brachia\u2019s mission from the very beginning was to support the local community in the\nplacement of olive oil on the market as well as the affirmation of Bra\u010d olive oil, soon the need for consumer, daily, olive oil presented itself and Brachia is present on the market with this line that can be found in a wide trade offer.&nbsp;<br>\n                  <br>Brachia\u2019s story about love towards the island which was too modest in the presentation of its gold.\n                <\/p>\n              <\/div>\n            <\/div>\n          <\/div>\n        <\/div>\n      <\/div>\n      <div class=\"u-custom-color-1 u-expanded-width u-shape u-shape-rectangle u-shape-1\"><\/div>\n    <\/section>","protected":false},"excerpt":{"rendered":"<p>Previous Next O nama U trenutku kada je osnovana poljoprivredna zadruga Brachia primarni cilj bio je afirmirati kvalitetu dalmatinskih maslinovih ulja.&nbsp; U tom smo se trenutku odlu\u010dili pokrenuti premium liniju maslinovog ulja, ulo\u017eiti u njegov branding i razvoj tr\u017ei\u0161ta.&nbsp; Danas na daleko poznata bijela kerami\u010dka boca u obliku masline nastala je kao plod suradnje upravitelja &hellip; <a href=\"https:\/\/brachia.hr\/en\/\" class=\"more-link\">Continue reading<span class=\"screen-reader-text\"> &#8220;O nama&#8221;<\/span><\/a><\/p>","protected":false},"author":1,"featured_media":0,"parent":0,"menu_order":0,"comment_status":"closed","ping_status":"closed","template":"","meta":{"footnotes":""},"class_list":["post-34","page","type-page","status-publish","hentry"],"_links":{"self":[{"href":"https:\/\/brachia.hr\/en\/wp-json\/wp\/v2\/pages\/34","targetHints":{"allow":["GET"]}}],"collection":[{"href":"https:\/\/brachia.hr\/en\/wp-json\/wp\/v2\/pages"}],"about":[{"href":"https:\/\/brachia.hr\/en\/wp-json\/wp\/v2\/types\/page"}],"author":[{"embeddable":true,"href":"https:\/\/brachia.hr\/en\/wp-json\/wp\/v2\/users\/1"}],"replies":[{"embeddable":true,"href":"https:\/\/brachia.hr\/en\/wp-json\/wp\/v2\/comments?post=34"}],"version-history":[{"count":9,"href":"https:\/\/brachia.hr\/en\/wp-json\/wp\/v2\/pages\/34\/revisions"}],"predecessor-version":[{"id":435,"href":"https:\/\/brachia.hr\/en\/wp-json\/wp\/v2\/pages\/34\/revisions\/435"}],"wp:attachment":[{"href":"https:\/\/brachia.hr\/en\/wp-json\/wp\/v2\/media?parent=34"}],"curies":[{"name":"wp","href":"https:\/\/api.w.org\/{rel}","templated":true}]}}